{"id":1535,"date":"2026-03-02T12:59:32","date_gmt":"2026-03-02T12:59:32","guid":{"rendered":"https:\/\/www.kourulle.com\/?page_id=1535"},"modified":"2026-05-08T08:21:15","modified_gmt":"2026-05-08T08:21:15","slug":"rahoitus","status":"publish","type":"page","link":"https:\/\/www.kourulle.com\/en\/rahoitus\/","title":{"rendered":"Finance"},"content":{"rendered":"\t\t<div data-elementor-type=\"wp-page\" data-elementor-id=\"1535\" class=\"elementor elementor-1535\" data-elementor-post-type=\"page\">\n\t\t\t\t\t\t<section class=\"elementor-section elementor-top-section elementor-element elementor-element-c1d76b7 elementor-section-boxed elementor-section-height-default elementor-section-height-default\" data-id=\"c1d76b7\" data-element_type=\"section\" data-e-type=\"section\" data-settings=\"{&quot;background_background&quot;:&quot;classic&quot;,&quot;background_motion_fx_motion_fx_scrolling&quot;:&quot;yes&quot;,&quot;background_motion_fx_scale_effect&quot;:&quot;yes&quot;,&quot;background_motion_fx_scale_direction&quot;:&quot;out-in&quot;,&quot;background_motion_fx_scale_speed&quot;:{&quot;unit&quot;:&quot;px&quot;,&quot;size&quot;:4,&quot;sizes&quot;:[]},&quot;background_motion_fx_scale_range&quot;:{&quot;unit&quot;:&quot;%&quot;,&quot;size&quot;:&quot;&quot;,&quot;sizes&quot;:{&quot;start&quot;:20,&quot;end&quot;:80}},&quot;background_motion_fx_devices&quot;:[&quot;desktop&quot;,&quot;tablet&quot;,&quot;mobile&quot;]}\">\n\t\t\t\t\t\t\t<div class=\"elementor-background-overlay\"><\/div>\n\t\t\t\t\t\t\t<div class=\"elementor-container elementor-column-gap-default\">\n\t\t\t\t\t<div class=\"elementor-column elementor-col-50 elementor-top-column elementor-element elementor-element-9659e29\" data-id=\"9659e29\" data-element_type=\"column\" data-e-type=\"column\">\n\t\t\t<div class=\"elementor-widget-wrap elementor-element-populated\">\n\t\t\t\t\t\t<div class=\"elementor-element elementor-element-c47bf3e elementor-widget elementor-widget-heading\" data-id=\"c47bf3e\" data-element_type=\"widget\" data-e-type=\"widget\" data-widget_type=\"heading.default\">\n\t\t\t\t\t<h1 class=\"elementor-heading-title elementor-size-default\">Rahoitus<\/h1>\t\t\t\t<\/div>\n\t\t\t\t\t<\/div>\n\t\t<\/div>\n\t\t\t\t<div class=\"elementor-column elementor-col-50 elementor-top-column elementor-element elementor-element-8527511\" data-id=\"8527511\" data-element_type=\"column\" data-e-type=\"column\">\n\t\t\t<div class=\"elementor-widget-wrap elementor-element-populated\">\n\t\t\t\t\t\t<div class=\"elementor-element elementor-element-d1d38fd elementor-widget elementor-widget-text-editor\" data-id=\"d1d38fd\" data-element_type=\"widget\" data-e-type=\"widget\" data-widget_type=\"text-editor.default\">\n\t\t\t\t\t\t\t\t\t<p>Hae luottop\u00e4\u00e4t\u00f6s sammaleen poistoon, k\u00e4tev\u00e4sti OP rahoituksen kautta.<\/p>\t\t\t\t\t\t\t\t<\/div>\n\t\t\t\t<section class=\"elementor-section elementor-inner-section elementor-element elementor-element-6d86da3 elementor-section-boxed elementor-section-height-default elementor-section-height-default\" data-id=\"6d86da3\" data-element_type=\"section\" data-e-type=\"section\">\n\t\t\t\t\t\t<div class=\"elementor-container elementor-column-gap-default\">\n\t\t\t\t\t<div class=\"elementor-column elementor-col-50 elementor-inner-column elementor-element elementor-element-15e230d\" data-id=\"15e230d\" data-element_type=\"column\" data-e-type=\"column\">\n\t\t\t<div class=\"elementor-widget-wrap elementor-element-populated\">\n\t\t\t\t\t\t<div class=\"elementor-element elementor-element-11bed6c elementor-mobile-align-center elementor-widget elementor-widget-button\" data-id=\"11bed6c\" data-element_type=\"widget\" data-e-type=\"widget\" data-widget_type=\"button.default\">\n\t\t\t\t\t\t\t\t\t\t<a class=\"elementor-button elementor-button-link elementor-size-sm elementor-animation-shrink\" href=\"https:\/\/eficode.pohjola-finance.fi\/kertaluotto-uusi\/kourullecom\">\n\t\t\t\t\t\t<span class=\"elementor-button-content-wrapper\">\n\t\t\t\t\t\t\t\t\t<span class=\"elementor-button-text\">Hae rahoitusta<\/span>\n\t\t\t\t\t<\/span>\n\t\t\t\t\t<\/a>\n\t\t\t\t\t\t\t\t<\/div>\n\t\t\t\t\t<\/div>\n\t\t<\/div>\n\t\t\t\t<div class=\"elementor-column elementor-col-50 elementor-inner-column elementor-element elementor-element-daecb5b\" data-id=\"daecb5b\" data-element_type=\"column\" data-e-type=\"column\">\n\t\t\t<div class=\"elementor-widget-wrap elementor-element-populated\">\n\t\t\t\t\t\t<div class=\"elementor-element elementor-element-b06755d elementor-mobile-align-center elementor-widget elementor-widget-button\" data-id=\"b06755d\" data-element_type=\"widget\" data-e-type=\"widget\" data-widget_type=\"button.default\">\n\t\t\t\t\t\t\t\t\t\t<a class=\"elementor-button elementor-button-link elementor-size-sm elementor-animation-shrink\" href=\"tel:+358%2040%20729%205738\">\n\t\t\t\t\t\t<span class=\"elementor-button-content-wrapper\">\n\t\t\t\t\t\t\t\t\t<span class=\"elementor-button-text\">Soita meillle<\/span>\n\t\t\t\t\t<\/span>\n\t\t\t\t\t<\/a>\n\t\t\t\t\t\t\t\t<\/div>\n\t\t\t\t\t<\/div>\n\t\t<\/div>\n\t\t\t\t\t<\/div>\n\t\t<\/section>\n\t\t\t\t\t<\/div>\n\t\t<\/div>\n\t\t\t\t\t<\/div>\n\t\t<\/section>\n\t\t\t\t<section class=\"elementor-section elementor-top-section elementor-element elementor-element-173b5bd elementor-section-boxed elementor-section-height-default elementor-section-height-default\" data-id=\"173b5bd\" data-element_type=\"section\" data-e-type=\"section\" data-settings=\"{&quot;background_background&quot;:&quot;classic&quot;}\">\n\t\t\t\t\t\t<div class=\"elementor-container elementor-column-gap-default\">\n\t\t\t\t\t<div class=\"elementor-column elementor-col-100 elementor-top-column elementor-element elementor-element-6b1328c\" data-id=\"6b1328c\" data-element_type=\"column\" data-e-type=\"column\">\n\t\t\t<div class=\"elementor-widget-wrap elementor-element-populated\">\n\t\t\t\t\t\t<div class=\"elementor-element elementor-element-62d9852 elementor-widget elementor-widget-heading\" data-id=\"62d9852\" data-element_type=\"widget\" data-e-type=\"widget\" data-widget_type=\"heading.default\">\n\t\t\t\t\t<h2 class=\"elementor-heading-title elementor-size-default\">Rahoitus tiilikaton huoltoon \u2013 jopa<br> 6 kk korotonta maksuaikaa<\/h2>\t\t\t\t<\/div>\n\t\t\t\t<div class=\"elementor-element elementor-element-6f89a50 elementor-widget elementor-widget-text-editor\" data-id=\"6f89a50\" data-element_type=\"widget\" data-e-type=\"widget\" data-widget_type=\"text-editor.default\">\n\t\t\t\t\t\t\t\t\t<p><strong>Kourulle.com<\/strong> tarjoaa mahdollisuuden rahoittaa katon huoltoty\u00f6t helposti ja joustavasti. <strong>Voit hakea rahoitusta k\u00e4tev\u00e4sti OP Rahoituksen kautta ja saada jopa 6 kuukautta korotonta maksuaikaa.<\/strong> N\u00e4in voit toteuttaa esimerkiksi tiilikaton sammaleen poiston tai muun kattoty\u00f6n ilman, ett\u00e4 koko summaa tarvitsee maksaa kerralla.<\/p><p>Rahoituksen avulla kustannukset on helppo jakaa pienempiin kuukausieriin. Luottop\u00e4\u00e4t\u00f6ksen hakeminen on nopeaa ja tapahtuu verkossa, ja saat p\u00e4\u00e4t\u00f6ksen usein heti hakemuksen t\u00e4ytt\u00e4misen j\u00e4lkeen. Kun rahoitus on hyv\u00e4ksytty, ty\u00f6 voidaan toteuttaa sovittuna ajankohtana.<\/p><p><strong>Joustava rahoitus tekee katon huollon tilaamisesta vaivatonta ja auttaa toteuttamaan tarvittavat ty\u00f6t oikeaan aikaan. N\u00e4in voit huolehtia kiinteist\u00f6si kunnosta ilman suurta kertamaksua ja maksaa palvelun sinulle sopivassa aikataulussa.<\/strong><\/p>\t\t\t\t\t\t\t\t<\/div>\n\t\t\t\t<div class=\"elementor-element elementor-element-b66afee elementor-align-center elementor-widget elementor-widget-button\" data-id=\"b66afee\" data-element_type=\"widget\" data-e-type=\"widget\" data-widget_type=\"button.default\">\n\t\t\t\t\t\t\t\t\t\t<a class=\"elementor-button elementor-button-link elementor-size-sm elementor-animation-shrink\" href=\"https:\/\/eficode.pohjola-finance.fi\/kertaluotto-uusi\/kourullecom\">\n\t\t\t\t\t\t<span class=\"elementor-button-content-wrapper\">\n\t\t\t\t\t\t\t\t\t<span class=\"elementor-button-text\">Hae rahoitusta<\/span>\n\t\t\t\t\t<\/span>\n\t\t\t\t\t<\/a>\n\t\t\t\t\t\t\t\t<\/div>\n\t\t\t\t\t<\/div>\n\t\t<\/div>\n\t\t\t\t\t<\/div>\n\t\t<\/section>\n\t\t\t\t<section class=\"elementor-section elementor-top-section elementor-element elementor-element-3f3f937 elementor-section-boxed elementor-section-height-default elementor-section-height-default\" data-id=\"3f3f937\" data-element_type=\"section\" data-e-type=\"section\">\n\t\t\t\t\t\t<div class=\"elementor-container elementor-column-gap-default\">\n\t\t\t\t\t<div class=\"elementor-column elementor-col-100 elementor-top-column elementor-element elementor-element-c433ace\" data-id=\"c433ace\" data-element_type=\"column\" data-e-type=\"column\" data-settings=\"{&quot;background_background&quot;:&quot;classic&quot;}\">\n\t\t\t<div class=\"elementor-widget-wrap elementor-element-populated\">\n\t\t\t\t\t\t<section class=\"elementor-section elementor-inner-section elementor-element elementor-element-5985093 elementor-section-full_width elementor-section-height-default elementor-section-height-default\" data-id=\"5985093\" data-element_type=\"section\" data-e-type=\"section\">\n\t\t\t\t\t\t<div class=\"elementor-container elementor-column-gap-default\">\n\t\t\t\t\t<div class=\"elementor-column elementor-col-100 elementor-inner-column elementor-element elementor-element-64f6649\" data-id=\"64f6649\" data-element_type=\"column\" data-e-type=\"column\" data-settings=\"{&quot;background_background&quot;:&quot;classic&quot;}\">\n\t\t\t<div class=\"elementor-widget-wrap elementor-element-populated\">\n\t\t\t\t\t<div class=\"elementor-background-overlay\"><\/div>\n\t\t\t\t\t\t<div class=\"elementor-element elementor-element-58aaeb9 elementor-widget elementor-widget-image\" data-id=\"58aaeb9\" data-element_type=\"widget\" data-e-type=\"widget\" data-widget_type=\"image.default\">\n\t\t\t\t\t\t\t\t\t\t\t\t\t\t\t<img fetchpriority=\"high\" decoding=\"async\" width=\"800\" height=\"800\" src=\"https:\/\/www.kourulle.com\/wp-content\/uploads\/2026\/02\/OP_Financial_Group.svg_.png.webp\" class=\"attachment-large size-large wp-image-580\" alt=\"\" srcset=\"https:\/\/www.kourulle.com\/wp-content\/uploads\/2026\/02\/OP_Financial_Group.svg_.png.webp 800w, https:\/\/www.kourulle.com\/wp-content\/uploads\/2026\/02\/OP_Financial_Group.svg_.png-300x300.webp 300w, https:\/\/www.kourulle.com\/wp-content\/uploads\/2026\/02\/OP_Financial_Group.svg_.png-100x100.webp 100w, https:\/\/www.kourulle.com\/wp-content\/uploads\/2026\/02\/OP_Financial_Group.svg_.png-600x600.webp 600w, https:\/\/www.kourulle.com\/wp-content\/uploads\/2026\/02\/OP_Financial_Group.svg_.png-150x150.webp 150w, https:\/\/www.kourulle.com\/wp-content\/uploads\/2026\/02\/OP_Financial_Group.svg_.png-768x768.webp 768w\" sizes=\"(max-width: 800px) 100vw, 800px\" \/>\t\t\t\t\t\t\t\t\t\t\t\t\t\t\t<\/div>\n\t\t\t\t<section class=\"elementor-section elementor-inner-section elementor-element elementor-element-1236fac elementor-section-full_width elementor-section-height-default elementor-section-height-default\" data-id=\"1236fac\" data-element_type=\"section\" data-e-type=\"section\">\n\t\t\t\t\t\t<div class=\"elementor-container elementor-column-gap-default\">\n\t\t\t\t\t<div class=\"elementor-column elementor-col-100 elementor-inner-column elementor-element elementor-element-357ee10\" data-id=\"357ee10\" data-element_type=\"column\" data-e-type=\"column\">\n\t\t\t<div class=\"elementor-widget-wrap elementor-element-populated\">\n\t\t\t\t\t\t<div class=\"elementor-element elementor-element-664c448 elementor-widget elementor-widget-heading\" data-id=\"664c448\" data-element_type=\"widget\" data-e-type=\"widget\" data-widget_type=\"heading.default\">\n\t\t\t\t\t<h2 class=\"elementor-heading-title elementor-size-default\">Jopa 6kk koronta maksuaikaa<\/h2>\t\t\t\t<\/div>\n\t\t\t\t<div class=\"elementor-element elementor-element-c20cef2 elementor-widget elementor-widget-text-editor\" data-id=\"c20cef2\" data-element_type=\"widget\" data-e-type=\"widget\" data-widget_type=\"text-editor.default\">\n\t\t\t\t\t\t\t\t\tHae luottop\u00e4\u00e4t\u00f6s sammaleen poistoon, k\u00e4tev\u00e4sti OP rahoituksen kautta.\n\t\t\t\t\t\t\t\t<\/div>\n\t\t\t\t<div class=\"elementor-element elementor-element-3597dd5 elementor-align-left elementor-mobile-align-center elementor-widget elementor-widget-button\" data-id=\"3597dd5\" data-element_type=\"widget\" data-e-type=\"widget\" data-widget_type=\"button.default\">\n\t\t\t\t\t\t\t\t\t\t<a class=\"elementor-button elementor-button-link elementor-size-sm elementor-animation-shrink\" href=\"https:\/\/eficode.pohjola-finance.fi\/kertaluotto-uusi\/kourullecom\" target=\"_blank\">\n\t\t\t\t\t\t<span class=\"elementor-button-content-wrapper\">\n\t\t\t\t\t\t\t\t\t<span class=\"elementor-button-text\">Hae luottop\u00e4\u00e4t\u00f6s<\/span>\n\t\t\t\t\t<\/span>\n\t\t\t\t\t<\/a>\n\t\t\t\t\t\t\t\t<\/div>\n\t\t\t\t\t<\/div>\n\t\t<\/div>\n\t\t\t\t\t<\/div>\n\t\t<\/section>\n\t\t\t\t\t<\/div>\n\t\t<\/div>\n\t\t\t\t\t<\/div>\n\t\t<\/section>\n\t\t\t\t\t<\/div>\n\t\t<\/div>\n\t\t\t\t\t<\/div>\n\t\t<\/section>\n\t\t\t\t<\/div>\n\t\t","protected":false},"excerpt":{"rendered":"<p>Rahoitus Hae luottop\u00e4\u00e4t\u00f6s sammaleen poistoon, k\u00e4tev\u00e4sti OP rahoituksen kautta. Hae rahoitusta Soita meillle Rahoitus tiilikaton huoltoon \u2013 jopa 6 kk [&hellip;]<\/p>\n","protected":false},"author":1,"featured_media":1553,"parent":0,"menu_order":0,"comment_status":"closed","ping_status":"closed","template":"elementor_header_footer","meta":{"site-sidebar-layout":"no-sidebar","site-content-layout":"","ast-site-content-layout":"full-width-container","site-content-style":"default","site-sidebar-style":"default","ast-global-header-display":"","ast-banner-title-visibility":"","ast-main-header-display":"","ast-hfb-above-header-display":"","ast-hfb-below-header-display":"","ast-hfb-mobile-header-display":"","site-post-title":"","ast-breadcrumbs-content":"","ast-featured-img":"disabled","footer-sml-layout":"","ast-disable-related-posts":"","theme-transparent-header-meta":"","adv-header-id-meta":"","stick-header-meta":"","header-above-stick-meta":"","header-main-stick-meta":"","header-below-stick-meta":"","astra-migrate-meta-layouts":"default","ast-page-background-enabled":"default","ast-page-background-meta":{"desktop":{"background-color":"var(--ast-global-color-5)","background-image":"","background-repeat":"repeat","background-position":"center center","background-size":"auto","background-attachment":"scroll","background-type":"","background-media":"","overlay-type":"","overlay-color":"","overlay-opacity":"","overlay-gradient":""},"tablet":{"background-color":"","background-image":"","background-repeat":"repeat","background-position":"center center","background-size":"auto","background-attachment":"scroll","background-type":"","background-media":"","overlay-type":"","overlay-color":"","overlay-opacity":"","overlay-gradient":""},"mobile":{"background-color":"","background-image":"","background-repeat":"repeat","background-position":"center center","background-size":"auto","background-attachment":"scroll","background-type":"","background-media":"","overlay-type":"","overlay-color":"","overlay-opacity":"","overlay-gradient":""}},"ast-content-background-meta":{"desktop":{"background-color":"var(--ast-global-color-4)","background-image":"","background-repeat":"repeat","background-position":"center center","background-size":"auto","background-attachment":"scroll","background-type":"","background-media":"","overlay-type":"","overlay-color":"","overlay-opacity":"","overlay-gradient":""},"tablet":{"background-color":"var(--ast-global-color-4)","background-image":"","background-repeat":"repeat","background-position":"center center","background-size":"auto","background-attachment":"scroll","background-type":"","background-media":"","overlay-type":"","overlay-color":"","overlay-opacity":"","overlay-gradient":""},"mobile":{"background-color":"var(--ast-global-color-4)","background-image":"","background-repeat":"repeat","background-position":"center center","background-size":"auto","background-attachment":"scroll","background-type":"","background-media":"","overlay-type":"","overlay-color":"","overlay-opacity":"","overlay-gradient":""}},"footnotes":""},"class_list":["post-1535","page","type-page","status-publish","has-post-thumbnail","hentry"],"yoast_head":"<!-- This site is optimized with the Yoast SEO plugin v27.6 - https:\/\/yoast.com\/product\/yoast-seo-wordpress\/ -->\n<title>Rahoitus tiilikaton huoltoon \u2013 jopa 6kk korotonta maksuaikaa<\/title>\n<meta name=\"description\" content=\"Kourulle.com tarjoaa mahdollisuuden rahoittaa katon huoltoty\u00f6t helposti ja joustavasti. Voit hakea rahoitusta k\u00e4tev\u00e4sti OP Rahoituksen kautta ja saada jopa 6 kuukautta korotonta maksuaikaa.\" \/>\n<meta name=\"robots\" content=\"index, follow, max-snippet:-1, max-image-preview:large, max-video-preview:-1\" \/>\n<link rel=\"canonical\" href=\"https:\/\/www.kourulle.com\/en\/rahoitus\/\" \/>\n<meta property=\"og:locale\" content=\"en_US\" \/>\n<meta property=\"og:type\" content=\"article\" \/>\n<meta property=\"og:title\" content=\"Rahoitus tiilikaton huoltoon \u2013 jopa 6kk korotonta maksuaikaa\" \/>\n<meta property=\"og:description\" content=\"Kourulle.com tarjoaa mahdollisuuden rahoittaa katon huoltoty\u00f6t helposti ja joustavasti. Voit hakea rahoitusta k\u00e4tev\u00e4sti OP Rahoituksen kautta ja saada jopa 6 kuukautta korotonta maksuaikaa.\" \/>\n<meta property=\"og:url\" content=\"https:\/\/www.kourulle.com\/en\/rahoitus\/\" \/>\n<meta property=\"og:site_name\" content=\"Kourulle\" \/>\n<meta property=\"article:modified_time\" content=\"2026-05-08T08:21:15+00:00\" \/>\n<meta property=\"og:image\" content=\"https:\/\/www.kourulle.com\/wp-content\/uploads\/2026\/03\/vecteezy_asian-woman-working-on-laptop-while-sitting-in-creative_6694040-scaled.jpg\" \/>\n\t<meta property=\"og:image:width\" content=\"2560\" \/>\n\t<meta property=\"og:image:height\" content=\"1440\" \/>\n\t<meta property=\"og:image:type\" content=\"image\/jpeg\" \/>\n<meta name=\"twitter:card\" content=\"summary_large_image\" \/>\n<meta name=\"twitter:label1\" content=\"Est. reading time\" \/>\n\t<meta name=\"twitter:data1\" content=\"1 minute\" \/>\n<script type=\"application\/ld+json\" class=\"yoast-schema-graph\">{\"@context\":\"https:\\\/\\\/schema.org\",\"@graph\":[{\"@type\":\"WebPage\",\"@id\":\"https:\\\/\\\/www.kourulle.com\\\/rahoitus\\\/\",\"url\":\"https:\\\/\\\/www.kourulle.com\\\/rahoitus\\\/\",\"name\":\"Rahoitus tiilikaton huoltoon \u2013 jopa 6kk korotonta maksuaikaa\",\"isPartOf\":{\"@id\":\"https:\\\/\\\/www.kourulle.com\\\/#website\"},\"primaryImageOfPage\":{\"@id\":\"https:\\\/\\\/www.kourulle.com\\\/rahoitus\\\/#primaryimage\"},\"image\":{\"@id\":\"https:\\\/\\\/www.kourulle.com\\\/rahoitus\\\/#primaryimage\"},\"thumbnailUrl\":\"https:\\\/\\\/www.kourulle.com\\\/wp-content\\\/uploads\\\/2026\\\/03\\\/vecteezy_asian-woman-working-on-laptop-while-sitting-in-creative_6694040-scaled.jpg\",\"datePublished\":\"2026-03-02T12:59:32+00:00\",\"dateModified\":\"2026-05-08T08:21:15+00:00\",\"description\":\"Kourulle.com tarjoaa mahdollisuuden rahoittaa katon huoltoty\u00f6t helposti ja joustavasti. Voit hakea rahoitusta k\u00e4tev\u00e4sti OP Rahoituksen kautta ja saada jopa 6 kuukautta korotonta maksuaikaa.\",\"breadcrumb\":{\"@id\":\"https:\\\/\\\/www.kourulle.com\\\/rahoitus\\\/#breadcrumb\"},\"inLanguage\":\"en-US\",\"potentialAction\":[{\"@type\":\"ReadAction\",\"target\":[\"https:\\\/\\\/www.kourulle.com\\\/rahoitus\\\/\"]}]},{\"@type\":\"ImageObject\",\"inLanguage\":\"en-US\",\"@id\":\"https:\\\/\\\/www.kourulle.com\\\/rahoitus\\\/#primaryimage\",\"url\":\"https:\\\/\\\/www.kourulle.com\\\/wp-content\\\/uploads\\\/2026\\\/03\\\/vecteezy_asian-woman-working-on-laptop-while-sitting-in-creative_6694040-scaled.jpg\",\"contentUrl\":\"https:\\\/\\\/www.kourulle.com\\\/wp-content\\\/uploads\\\/2026\\\/03\\\/vecteezy_asian-woman-working-on-laptop-while-sitting-in-creative_6694040-scaled.jpg\",\"width\":2560,\"height\":1440,\"caption\":\"Asian woman working on laptop while sitting in creative office or cafe. Asian girl working with laptop on the wood table in the cafe.\"},{\"@type\":\"BreadcrumbList\",\"@id\":\"https:\\\/\\\/www.kourulle.com\\\/rahoitus\\\/#breadcrumb\",\"itemListElement\":[{\"@type\":\"ListItem\",\"position\":1,\"name\":\"Etusivu\",\"item\":\"https:\\\/\\\/www.kourulle.com\\\/\"},{\"@type\":\"ListItem\",\"position\":2,\"name\":\"Rahoitus\"}]},{\"@type\":\"WebSite\",\"@id\":\"https:\\\/\\\/www.kourulle.com\\\/#website\",\"url\":\"https:\\\/\\\/www.kourulle.com\\\/\",\"name\":\"Kourulle\",\"description\":\"\",\"potentialAction\":[{\"@type\":\"SearchAction\",\"target\":{\"@type\":\"EntryPoint\",\"urlTemplate\":\"https:\\\/\\\/www.kourulle.com\\\/?s={search_term_string}\"},\"query-input\":{\"@type\":\"PropertyValueSpecification\",\"valueRequired\":true,\"valueName\":\"search_term_string\"}}],\"inLanguage\":\"en-US\"}]}<\/script>\n<!-- \/ Yoast SEO plugin. -->","yoast_head_json":{"title":"Rahoitus tiilikaton huoltoon \u2013 jopa 6kk korotonta maksuaikaa","description":"Kourulle.com tarjoaa mahdollisuuden rahoittaa katon huoltoty\u00f6t helposti ja joustavasti. Voit hakea rahoitusta k\u00e4tev\u00e4sti OP Rahoituksen kautta ja saada jopa 6 kuukautta korotonta maksuaikaa.","robots":{"index":"index","follow":"follow","max-snippet":"max-snippet:-1","max-image-preview":"max-image-preview:large","max-video-preview":"max-video-preview:-1"},"canonical":"https:\/\/www.kourulle.com\/en\/rahoitus\/","og_locale":"en_US","og_type":"article","og_title":"Rahoitus tiilikaton huoltoon \u2013 jopa 6kk korotonta maksuaikaa","og_description":"Kourulle.com tarjoaa mahdollisuuden rahoittaa katon huoltoty\u00f6t helposti ja joustavasti. Voit hakea rahoitusta k\u00e4tev\u00e4sti OP Rahoituksen kautta ja saada jopa 6 kuukautta korotonta maksuaikaa.","og_url":"https:\/\/www.kourulle.com\/en\/rahoitus\/","og_site_name":"Kourulle","article_modified_time":"2026-05-08T08:21:15+00:00","og_image":[{"width":2560,"height":1440,"url":"https:\/\/www.kourulle.com\/wp-content\/uploads\/2026\/03\/vecteezy_asian-woman-working-on-laptop-while-sitting-in-creative_6694040-scaled.jpg","type":"image\/jpeg"}],"twitter_card":"summary_large_image","twitter_misc":{"Est. reading time":"1 minute"},"schema":{"@context":"https:\/\/schema.org","@graph":[{"@type":"WebPage","@id":"https:\/\/www.kourulle.com\/rahoitus\/","url":"https:\/\/www.kourulle.com\/rahoitus\/","name":"Rahoitus tiilikaton huoltoon \u2013 jopa 6kk korotonta maksuaikaa","isPartOf":{"@id":"https:\/\/www.kourulle.com\/#website"},"primaryImageOfPage":{"@id":"https:\/\/www.kourulle.com\/rahoitus\/#primaryimage"},"image":{"@id":"https:\/\/www.kourulle.com\/rahoitus\/#primaryimage"},"thumbnailUrl":"https:\/\/www.kourulle.com\/wp-content\/uploads\/2026\/03\/vecteezy_asian-woman-working-on-laptop-while-sitting-in-creative_6694040-scaled.jpg","datePublished":"2026-03-02T12:59:32+00:00","dateModified":"2026-05-08T08:21:15+00:00","description":"Kourulle.com tarjoaa mahdollisuuden rahoittaa katon huoltoty\u00f6t helposti ja joustavasti. Voit hakea rahoitusta k\u00e4tev\u00e4sti OP Rahoituksen kautta ja saada jopa 6 kuukautta korotonta maksuaikaa.","breadcrumb":{"@id":"https:\/\/www.kourulle.com\/rahoitus\/#breadcrumb"},"inLanguage":"en-US","potentialAction":[{"@type":"ReadAction","target":["https:\/\/www.kourulle.com\/rahoitus\/"]}]},{"@type":"ImageObject","inLanguage":"en-US","@id":"https:\/\/www.kourulle.com\/rahoitus\/#primaryimage","url":"https:\/\/www.kourulle.com\/wp-content\/uploads\/2026\/03\/vecteezy_asian-woman-working-on-laptop-while-sitting-in-creative_6694040-scaled.jpg","contentUrl":"https:\/\/www.kourulle.com\/wp-content\/uploads\/2026\/03\/vecteezy_asian-woman-working-on-laptop-while-sitting-in-creative_6694040-scaled.jpg","width":2560,"height":1440,"caption":"Asian woman working on laptop while sitting in creative office or cafe. Asian girl working with laptop on the wood table in the cafe."},{"@type":"BreadcrumbList","@id":"https:\/\/www.kourulle.com\/rahoitus\/#breadcrumb","itemListElement":[{"@type":"ListItem","position":1,"name":"Etusivu","item":"https:\/\/www.kourulle.com\/"},{"@type":"ListItem","position":2,"name":"Rahoitus"}]},{"@type":"WebSite","@id":"https:\/\/www.kourulle.com\/#website","url":"https:\/\/www.kourulle.com\/","name":"To the bench","description":"","potentialAction":[{"@type":"SearchAction","target":{"@type":"EntryPoint","urlTemplate":"https:\/\/www.kourulle.com\/?s={search_term_string}"},"query-input":{"@type":"PropertyValueSpecification","valueRequired":true,"valueName":"search_term_string"}}],"inLanguage":"en-US"}]}},"_links":{"self":[{"href":"https:\/\/www.kourulle.com\/en\/wp-json\/wp\/v2\/pages\/1535","targetHints":{"allow":["GET"]}}],"collection":[{"href":"https:\/\/www.kourulle.com\/en\/wp-json\/wp\/v2\/pages"}],"about":[{"href":"https:\/\/www.kourulle.com\/en\/wp-json\/wp\/v2\/types\/page"}],"author":[{"embeddable":true,"href":"https:\/\/www.kourulle.com\/en\/wp-json\/wp\/v2\/users\/1"}],"replies":[{"embeddable":true,"href":"https:\/\/www.kourulle.com\/en\/wp-json\/wp\/v2\/comments?post=1535"}],"version-history":[{"count":49,"href":"https:\/\/www.kourulle.com\/en\/wp-json\/wp\/v2\/pages\/1535\/revisions"}],"predecessor-version":[{"id":2773,"href":"https:\/\/www.kourulle.com\/en\/wp-json\/wp\/v2\/pages\/1535\/revisions\/2773"}],"wp:featuredmedia":[{"embeddable":true,"href":"https:\/\/www.kourulle.com\/en\/wp-json\/wp\/v2\/media\/1553"}],"wp:attachment":[{"href":"https:\/\/www.kourulle.com\/en\/wp-json\/wp\/v2\/media?parent=1535"}],"curies":[{"name":"wp","href":"https:\/\/api.w.org\/{rel}","templated":true}]}}