{"id":1562,"date":"2026-03-02T13:54:10","date_gmt":"2026-03-02T13:54:10","guid":{"rendered":"https:\/\/www.kourulle.com\/?page_id=1562"},"modified":"2026-05-14T10:56:18","modified_gmt":"2026-05-14T10:56:18","slug":"miksi-valita-kourulle-com","status":"publish","type":"page","link":"https:\/\/www.kourulle.com\/en\/miksi-valita-kourulle-com\/","title":{"rendered":"Miksi valita Kourulle.com?"},"content":{"rendered":"\t\t<div data-elementor-type=\"wp-page\" data-elementor-id=\"1562\" class=\"elementor elementor-1562\" data-elementor-post-type=\"page\">\n\t\t\t\t\t\t<section class=\"elementor-section elementor-top-section elementor-element elementor-element-9bee90d elementor-section-boxed elementor-section-height-default elementor-section-height-default\" data-id=\"9bee90d\" data-element_type=\"section\" data-e-type=\"section\" data-settings=\"{&quot;background_background&quot;:&quot;classic&quot;,&quot;background_motion_fx_motion_fx_scrolling&quot;:&quot;yes&quot;,&quot;background_motion_fx_scale_effect&quot;:&quot;yes&quot;,&quot;background_motion_fx_scale_direction&quot;:&quot;out-in&quot;,&quot;background_motion_fx_scale_speed&quot;:{&quot;unit&quot;:&quot;px&quot;,&quot;size&quot;:4,&quot;sizes&quot;:[]},&quot;background_motion_fx_scale_range&quot;:{&quot;unit&quot;:&quot;%&quot;,&quot;size&quot;:&quot;&quot;,&quot;sizes&quot;:{&quot;start&quot;:20,&quot;end&quot;:80}},&quot;background_motion_fx_devices&quot;:[&quot;desktop&quot;,&quot;tablet&quot;,&quot;mobile&quot;]}\">\n\t\t\t\t\t\t\t<div class=\"elementor-background-overlay\"><\/div>\n\t\t\t\t\t\t\t<div class=\"elementor-container elementor-column-gap-default\">\n\t\t\t\t\t<div class=\"elementor-column elementor-col-50 elementor-top-column elementor-element elementor-element-15cb84e\" data-id=\"15cb84e\" data-element_type=\"column\" data-e-type=\"column\">\n\t\t\t<div class=\"elementor-widget-wrap elementor-element-populated\">\n\t\t\t\t\t\t<div class=\"elementor-element elementor-element-9066c5b elementor-icon-list--layout-inline elementor-list-item-link-full_width elementor-widget elementor-widget-icon-list\" data-id=\"9066c5b\" data-element_type=\"widget\" data-e-type=\"widget\" data-widget_type=\"icon-list.default\">\n\t\t\t\t\t\t\t<ul class=\"elementor-icon-list-items elementor-inline-items\">\n\t\t\t\t\t\t\t<li class=\"elementor-icon-list-item elementor-inline-item\">\n\t\t\t\t\t\t\t\t\t\t<span class=\"elementor-icon-list-text\">Uusimaa<\/span>\n\t\t\t\t\t\t\t\t\t<\/li>\n\t\t\t\t\t\t\t\t<li class=\"elementor-icon-list-item elementor-inline-item\">\n\t\t\t\t\t\t\t\t\t\t<span class=\"elementor-icon-list-text\">Pirkanmaa<\/span>\n\t\t\t\t\t\t\t\t\t<\/li>\n\t\t\t\t\t\t\t\t<li class=\"elementor-icon-list-item elementor-inline-item\">\n\t\t\t\t\t\t\t\t\t\t<span class=\"elementor-icon-list-text\">Varsinais-Suomi<\/span>\n\t\t\t\t\t\t\t\t\t<\/li>\n\t\t\t\t\t\t\t\t<li class=\"elementor-icon-list-item elementor-inline-item\">\n\t\t\t\t\t\t\t\t\t\t<span class=\"elementor-icon-list-text\">Jyv\u00e4skyl\u00e4<\/span>\n\t\t\t\t\t\t\t\t\t<\/li>\n\t\t\t\t\t\t\t\t<li class=\"elementor-icon-list-item elementor-inline-item\">\n\t\t\t\t\t\t\t\t\t\t<span class=\"elementor-icon-list-text\">Kanta-H\u00e4me<\/span>\n\t\t\t\t\t\t\t\t\t<\/li>\n\t\t\t\t\t\t\t\t<li class=\"elementor-icon-list-item elementor-inline-item\">\n\t\t\t\t\t\t\t\t\t\t<span class=\"elementor-icon-list-text\">Kokkola<\/span>\n\t\t\t\t\t\t\t\t\t<\/li>\n\t\t\t\t\t\t\t\t<li class=\"elementor-icon-list-item elementor-inline-item\">\n\t\t\t\t\t\t\t\t\t\t<span class=\"elementor-icon-list-text\">Oulu<\/span>\n\t\t\t\t\t\t\t\t\t<\/li>\n\t\t\t\t\t\t\t\t<li class=\"elementor-icon-list-item elementor-inline-item\">\n\t\t\t\t\t\t\t\t\t\t<span class=\"elementor-icon-list-text\">Kouvola<\/span>\n\t\t\t\t\t\t\t\t\t<\/li>\n\t\t\t\t\t\t<\/ul>\n\t\t\t\t\t\t<\/div>\n\t\t\t\t<div class=\"elementor-element elementor-element-83c1d3f elementor-widget elementor-widget-heading\" data-id=\"83c1d3f\" data-element_type=\"widget\" data-e-type=\"widget\" data-widget_type=\"heading.default\">\n\t\t\t\t\t<h1 class=\"elementor-heading-title elementor-size-default\">Miksi valita Kourulle.com?<\/h1>\t\t\t\t<\/div>\n\t\t\t\t\t<\/div>\n\t\t<\/div>\n\t\t\t\t<div class=\"elementor-column elementor-col-50 elementor-top-column elementor-element elementor-element-775016e\" data-id=\"775016e\" data-element_type=\"column\" data-e-type=\"column\">\n\t\t\t<div class=\"elementor-widget-wrap elementor-element-populated\">\n\t\t\t\t\t\t<div class=\"elementor-element elementor-element-bf32068 elementor-widget elementor-widget-text-editor\" data-id=\"bf32068\" data-element_type=\"widget\" data-e-type=\"widget\" data-widget_type=\"text-editor.default\">\n\t\t\t\t\t\t\t\t\t<p>Toimimme p\u00e4\u00e4asiassa Uudellamaalla, Pirkanmaalla, Varsinais-Suomessa, Kanta-H\u00e4meess\u00e4 sek\u00e4 Oulun, Porin, Kuopion, Jyv\u00e4skyl\u00e4n ja Kokkolan alueella.\u00a0<\/p>\t\t\t\t\t\t\t\t<\/div>\n\t\t\t\t<section class=\"elementor-section elementor-inner-section elementor-element elementor-element-3f01580 elementor-section-boxed elementor-section-height-default elementor-section-height-default\" data-id=\"3f01580\" data-element_type=\"section\" data-e-type=\"section\">\n\t\t\t\t\t\t<div class=\"elementor-container elementor-column-gap-default\">\n\t\t\t\t\t<div class=\"elementor-column elementor-col-50 elementor-inner-column elementor-element elementor-element-8e07ebd\" data-id=\"8e07ebd\" data-element_type=\"column\" data-e-type=\"column\">\n\t\t\t<div class=\"elementor-widget-wrap elementor-element-populated\">\n\t\t\t\t\t\t<div class=\"elementor-element elementor-element-58d48e2 elementor-widget elementor-widget-button\" data-id=\"58d48e2\" data-element_type=\"widget\" data-e-type=\"widget\" data-widget_type=\"button.default\">\n\t\t\t\t\t\t\t\t\t\t<a class=\"elementor-button elementor-button-link elementor-size-sm elementor-animation-shrink\" href=\"https:\/\/www.kourulle.com\/tilaa-puhdistus\/\">\n\t\t\t\t\t\t<span class=\"elementor-button-content-wrapper\">\n\t\t\t\t\t\t\t\t\t<span class=\"elementor-button-text\">Tilaa puhdistus<\/span>\n\t\t\t\t\t<\/span>\n\t\t\t\t\t<\/a>\n\t\t\t\t\t\t\t\t<\/div>\n\t\t\t\t\t<\/div>\n\t\t<\/div>\n\t\t\t\t<div class=\"elementor-column elementor-col-50 elementor-inner-column elementor-element elementor-element-9208498\" data-id=\"9208498\" data-element_type=\"column\" data-e-type=\"column\">\n\t\t\t<div class=\"elementor-widget-wrap elementor-element-populated\">\n\t\t\t\t\t\t<div class=\"elementor-element elementor-element-4ef637c elementor-widget elementor-widget-button\" data-id=\"4ef637c\" data-element_type=\"widget\" data-e-type=\"widget\" data-widget_type=\"button.default\">\n\t\t\t\t\t\t\t\t\t\t<a class=\"elementor-button elementor-button-link elementor-size-sm elementor-animation-shrink\" href=\"#\">\n\t\t\t\t\t\t<span class=\"elementor-button-content-wrapper\">\n\t\t\t\t\t\t\t\t\t<span class=\"elementor-button-text\">Soita meillle<\/span>\n\t\t\t\t\t<\/span>\n\t\t\t\t\t<\/a>\n\t\t\t\t\t\t\t\t<\/div>\n\t\t\t\t\t<\/div>\n\t\t<\/div>\n\t\t\t\t\t<\/div>\n\t\t<\/section>\n\t\t\t\t\t<\/div>\n\t\t<\/div>\n\t\t\t\t\t<\/div>\n\t\t<\/section>\n\t\t\t\t<section class=\"elementor-section elementor-top-section elementor-element elementor-element-b1b1bd8 elementor-section-boxed elementor-section-height-default elementor-section-height-default\" data-id=\"b1b1bd8\" data-element_type=\"section\" data-e-type=\"section\" data-settings=\"{&quot;background_background&quot;:&quot;classic&quot;}\">\n\t\t\t\t\t\t<div class=\"elementor-container elementor-column-gap-default\">\n\t\t\t\t\t<div class=\"elementor-column elementor-col-100 elementor-top-column elementor-element elementor-element-7ddce8f\" data-id=\"7ddce8f\" data-element_type=\"column\" data-e-type=\"column\">\n\t\t\t<div class=\"elementor-widget-wrap elementor-element-populated\">\n\t\t\t\t\t\t<div class=\"elementor-element elementor-element-7986d6b elementor-widget elementor-widget-heading\" data-id=\"7986d6b\" data-element_type=\"widget\" data-e-type=\"widget\" data-widget_type=\"heading.default\">\n\t\t\t\t\t<h2 class=\"elementor-heading-title elementor-size-default\">Miksi valita meid\u00e4t?<\/h2>\t\t\t\t<\/div>\n\t\t\t\t<div class=\"elementor-element elementor-element-b324cca elementor-widget elementor-widget-text-editor\" data-id=\"b324cca\" data-element_type=\"widget\" data-e-type=\"widget\" data-widget_type=\"text-editor.default\">\n\t\t\t\t\t\t\t\t\t<p class=\"font-claude-response-body break-words whitespace-normal leading-[1.7]\"><strong>Teemme ty\u00f6n kerralla oikein \u2013 ja se n\u00e4kyy yli 8 000 tyytyv\u00e4isess\u00e4 asiakkaassa.<\/strong> Kourulle.com on erikoistunut pelk\u00e4st\u00e4\u00e4n sadevesikourujen puhdistukseen, sammaleen poistoon ja tiilikattojen huoltoon. Kapea erikoistuminen tarkoittaa, ett\u00e4 tied\u00e4mme tarkalleen mit\u00e4 teemme \u2013 joka kerta.<\/p><p class=\"font-claude-response-body break-words whitespace-normal leading-[1.7]\">Asentajamme ovat koulutettuja ammattilaisia, jotka saapuvat sovittuna aikana, tekev\u00e4t ty\u00f6n huolellisesti alusta loppuun ja siivoavat j\u00e4lkens\u00e4. Jokainen k\u00e4ynti p\u00e4\u00e4ttyy s\u00e4hk\u00f6iseen ty\u00f6raporttiin, josta n\u00e4et mit\u00e4 on tehty ja miss\u00e4 kunnossa kourusi ovat. Ei arvailtavaa, ei ep\u00e4selvyytt\u00e4.<\/p><p class=\"font-claude-response-body break-words whitespace-normal leading-[1.7]\"><strong>Hinnoittelumme on rehellinen ja l\u00e4pin\u00e4kyv\u00e4 \u2013 eik\u00e4 piilomaksuja ole.<\/strong> R\u00e4nnien puhdistuksessa matkakulut sis\u00e4ltyv\u00e4t hintaan toimialueella ja kotitalousv\u00e4hennys leikkaa laskua jopa 40 %. Sammaleen poistossa ja tiilikaton huollossa hintaan vaikuttavat my\u00f6s materiaali- ja ainekustannukset, mutta n\u00e4m\u00e4 k\u00e4yd\u00e4\u00e4n l\u00e4pi aina ennen ty\u00f6n aloittamista \u2013 saat kiinte\u00e4n urakkatarjouksen ilman yll\u00e4tyksi\u00e4. Vuosisopimuksella s\u00e4\u00e4st\u00e4t lis\u00e4ksi 15 % kaikista palveluhinnoista.<\/p>\t\t\t\t\t\t\t\t<\/div>\n\t\t\t\t<div class=\"elementor-element elementor-element-3ebae89 elementor-widget elementor-widget-image\" data-id=\"3ebae89\" data-element_type=\"widget\" data-e-type=\"widget\" data-widget_type=\"image.default\">\n\t\t\t\t\t\t\t\t\t\t\t\t\t\t\t<img fetchpriority=\"high\" decoding=\"async\" width=\"700\" height=\"200\" src=\"https:\/\/www.kourulle.com\/wp-content\/uploads\/2026\/02\/arvostleia-1.png\" class=\"elementor-animation-shrink attachment-large size-large wp-image-88\" alt=\"\" srcset=\"https:\/\/www.kourulle.com\/wp-content\/uploads\/2026\/02\/arvostleia-1.png 700w, https:\/\/www.kourulle.com\/wp-content\/uploads\/2026\/02\/arvostleia-1-600x171.png 600w, https:\/\/www.kourulle.com\/wp-content\/uploads\/2026\/02\/arvostleia-1-300x86.png 300w\" sizes=\"(max-width: 700px) 100vw, 700px\" \/>\t\t\t\t\t\t\t\t\t\t\t\t\t\t\t<\/div>\n\t\t\t\t<div class=\"elementor-element elementor-element-31c3559 elementor-widget elementor-widget-heading\" data-id=\"31c3559\" data-element_type=\"widget\" data-e-type=\"widget\" data-widget_type=\"heading.default\">\n\t\t\t\t\t<h2 class=\"elementor-heading-title elementor-size-default\">Meihin luottavat 5000+ asiakasta (4.9\/5)<\/h2>\t\t\t\t<\/div>\n\t\t\t\t\t<\/div>\n\t\t<\/div>\n\t\t\t\t\t<\/div>\n\t\t<\/section>\n\t\t\t\t<section class=\"elementor-section elementor-top-section elementor-element elementor-element-4136811 elementor-section-boxed elementor-section-height-default elementor-section-height-default\" data-id=\"4136811\" data-element_type=\"section\" data-e-type=\"section\" data-settings=\"{&quot;background_background&quot;:&quot;classic&quot;}\">\n\t\t\t\t\t\t<div class=\"elementor-container elementor-column-gap-default\">\n\t\t\t\t\t<div class=\"elementor-column elementor-col-50 elementor-top-column elementor-element elementor-element-6067304\" data-id=\"6067304\" data-element_type=\"column\" data-e-type=\"column\" data-settings=\"{&quot;background_background&quot;:&quot;classic&quot;}\">\n\t\t\t<div class=\"elementor-widget-wrap elementor-element-populated\">\n\t\t\t\t\t\t<div class=\"elementor-element elementor-element-f50feb5 elementor-widget elementor-widget-spacer\" data-id=\"f50feb5\" data-element_type=\"widget\" data-e-type=\"widget\" data-widget_type=\"spacer.default\">\n\t\t\t\t\t\t\t<div class=\"elementor-spacer\">\n\t\t\t<div class=\"elementor-spacer-inner\"><\/div>\n\t\t<\/div>\n\t\t\t\t\t\t<\/div>\n\t\t\t\t\t<\/div>\n\t\t<\/div>\n\t\t\t\t<div class=\"elementor-column elementor-col-50 elementor-top-column elementor-element elementor-element-f99fc0c\" data-id=\"f99fc0c\" data-element_type=\"column\" data-e-type=\"column\">\n\t\t\t<div class=\"elementor-widget-wrap elementor-element-populated\">\n\t\t\t\t\t\t<div class=\"elementor-element elementor-element-571594a elementor-widget elementor-widget-heading\" data-id=\"571594a\" data-element_type=\"widget\" data-e-type=\"widget\" data-widget_type=\"heading.default\">\n\t\t\t\t\t<h2 class=\"elementor-heading-title elementor-size-default\">Mit\u00e4 tarjoamme?<\/h2>\t\t\t\t<\/div>\n\t\t\t\t<div class=\"elementor-element elementor-element-b680229 elementor-widget elementor-widget-text-editor\" data-id=\"b680229\" data-element_type=\"widget\" data-e-type=\"widget\" data-widget_type=\"text-editor.default\">\n\t\t\t\t\t\t\t\t\t<p class=\"font-claude-response-body break-words whitespace-normal leading-[1.7]\"><strong>R\u00e4nnien puhdistus<\/strong> \u2014 Tyhjenn\u00e4mme kourut lehdist\u00e4, neulasista ja sammaleesta, huuhtelemme sy\u00f6ksytorvet ja tarkastamme kourujen kunnon. S\u00e4hk\u00f6inen ty\u00f6raportti joka k\u00e4ynnist\u00e4. Suosittelemme puhdistusta kaksi kertaa vuodessa.<\/p><p class=\"font-claude-response-body break-words whitespace-normal leading-[1.7]\"><strong>Sammaleen poisto<\/strong> \u2014 Tehokas sammaleenpoisto tiili- ja huopakatoilta. Rikkin\u00e4iset tiilit vaihdetaan, r\u00e4nnit puhdistetaan, piha siivotaan ja lopuksi levitet\u00e4\u00e4n ammattilaisten estoaine. Kotitalousv\u00e4hennys 40 % ty\u00f6n osuudesta.<\/p><p class=\"font-claude-response-body break-words whitespace-normal leading-[1.7]\"><strong>Tiilikaton huolto<\/strong> \u2014 S\u00e4\u00e4nn\u00f6llinen tarkastus ja ennaltaehk\u00e4isev\u00e4 huolto pident\u00e4\u00e4 katon elinik\u00e4\u00e4 merkitt\u00e4v\u00e4sti. Kartoitamme kunnon ja teemme tarvittavat korjaukset yhdell\u00e4 k\u00e4ynnill\u00e4.<\/p><p class=\"font-claude-response-body break-words whitespace-normal leading-[1.7]\"><strong>Vuosisopimus<\/strong> \u2014 Hoidamme puhdistukset automaattisesti ilman erillisi\u00e4 ajanvarauksia tai muistutuksia. Sopimusasiakkaat saavat 15 % alennuksen kaikista palveluhinnoista.<\/p>\t\t\t\t\t\t\t\t<\/div>\n\t\t\t\t\t<\/div>\n\t\t<\/div>\n\t\t\t\t\t<\/div>\n\t\t<\/section>\n\t\t\t\t<\/div>\n\t\t","protected":false},"excerpt":{"rendered":"<p>Uusimaa Pirkanmaa Varsinais-Suomi Jyv\u00e4skyl\u00e4 Kanta-H\u00e4me Kokkola Oulu Kouvola Miksi valita Kourulle.com? Toimimme p\u00e4\u00e4asiassa Uudellamaalla, Pirkanmaalla, Varsinais-Suomessa, Kanta-H\u00e4meess\u00e4 sek\u00e4 Oulun, Porin, [&hellip;]<\/p>\n","protected":false},"author":1,"featured_media":0,"parent":0,"menu_order":0,"comment_status":"closed","ping_status":"closed","template":"elementor_header_footer","meta":{"site-sidebar-layout":"no-sidebar","site-content-layout":"","ast-site-content-layout":"full-width-container","site-content-style":"default","site-sidebar-style":"default","ast-global-header-display":"","ast-banner-title-visibility":"","ast-main-header-display":"","ast-hfb-above-header-display":"","ast-hfb-below-header-display":"","ast-hfb-mobile-header-display":"","site-post-title":"","ast-breadcrumbs-content":"","ast-featured-img":"disabled","footer-sml-layout":"","ast-disable-related-posts":"","theme-transparent-header-meta":"","adv-header-id-meta":"","stick-header-meta":"","header-above-stick-meta":"","header-main-stick-meta":"","header-below-stick-meta":"","astra-migrate-meta-layouts":"default","ast-page-background-enabled":"default","ast-page-background-meta":{"desktop":{"background-color":"var(--ast-global-color-5)","background-image":"","background-repeat":"repeat","background-position":"center center","background-size":"auto","background-attachment":"scroll","background-type":"","background-media":"","overlay-type":"","overlay-color":"","overlay-opacity":"","overlay-gradient":""},"tablet":{"background-color":"","background-image":"","background-repeat":"repeat","background-position":"center center","background-size":"auto","background-attachment":"scroll","background-type":"","background-media":"","overlay-type":"","overlay-color":"","overlay-opacity":"","overlay-gradient":""},"mobile":{"background-color":"","background-image":"","background-repeat":"repeat","background-position":"center center","background-size":"auto","background-attachment":"scroll","background-type":"","background-media":"","overlay-type":"","overlay-color":"","overlay-opacity":"","overlay-gradient":""}},"ast-content-background-meta":{"desktop":{"background-color":"var(--ast-global-color-4)","background-image":"","background-repeat":"repeat","background-position":"center center","background-size":"auto","background-attachment":"scroll","background-type":"","background-media":"","overlay-type":"","overlay-color":"","overlay-opacity":"","overlay-gradient":""},"tablet":{"background-color":"var(--ast-global-color-4)","background-image":"","background-repeat":"repeat","background-position":"center center","background-size":"auto","background-attachment":"scroll","background-type":"","background-media":"","overlay-type":"","overlay-color":"","overlay-opacity":"","overlay-gradient":""},"mobile":{"background-color":"var(--ast-global-color-4)","background-image":"","background-repeat":"repeat","background-position":"center center","background-size":"auto","background-attachment":"scroll","background-type":"","background-media":"","overlay-type":"","overlay-color":"","overlay-opacity":"","overlay-gradient":""}},"footnotes":""},"class_list":["post-1562","page","type-page","status-publish","hentry"],"yoast_head":"<!-- This site is optimized with the Yoast SEO plugin v27.6 - https:\/\/yoast.com\/product\/yoast-seo-wordpress\/ -->\n<title>Miksi valita Kourulle.com? - Kourulle<\/title>\n<meta name=\"robots\" content=\"index, follow, max-snippet:-1, max-image-preview:large, max-video-preview:-1\" \/>\n<link rel=\"canonical\" href=\"https:\/\/www.kourulle.com\/en\/miksi-valita-kourulle-com\/\" \/>\n<meta property=\"og:locale\" content=\"en_US\" \/>\n<meta property=\"og:type\" content=\"article\" \/>\n<meta property=\"og:title\" content=\"Miksi valita Kourulle.com? - Kourulle\" \/>\n<meta property=\"og:description\" content=\"Uusimaa Pirkanmaa Varsinais-Suomi Jyv\u00e4skyl\u00e4 Kanta-H\u00e4me Kokkola Oulu Kouvola Miksi valita Kourulle.com? Toimimme p\u00e4\u00e4asiassa Uudellamaalla, Pirkanmaalla, Varsinais-Suomessa, Kanta-H\u00e4meess\u00e4 sek\u00e4 Oulun, Porin, [&hellip;]\" \/>\n<meta property=\"og:url\" content=\"https:\/\/www.kourulle.com\/en\/miksi-valita-kourulle-com\/\" \/>\n<meta property=\"og:site_name\" content=\"Kourulle\" \/>\n<meta property=\"article:modified_time\" content=\"2026-05-14T10:56:18+00:00\" \/>\n<meta property=\"og:image\" content=\"https:\/\/www.kourulle.com\/wp-content\/uploads\/2026\/02\/arvostleia-1.png\" \/>\n<meta name=\"twitter:card\" content=\"summary_large_image\" \/>\n<meta name=\"twitter:label1\" content=\"Est. reading time\" \/>\n\t<meta name=\"twitter:data1\" content=\"2 minutes\" \/>\n<script type=\"application\/ld+json\" class=\"yoast-schema-graph\">{\"@context\":\"https:\\\/\\\/schema.org\",\"@graph\":[{\"@type\":\"WebPage\",\"@id\":\"https:\\\/\\\/www.kourulle.com\\\/miksi-valita-kourulle-com\\\/\",\"url\":\"https:\\\/\\\/www.kourulle.com\\\/miksi-valita-kourulle-com\\\/\",\"name\":\"Miksi valita Kourulle.com? - Kourulle\",\"isPartOf\":{\"@id\":\"https:\\\/\\\/www.kourulle.com\\\/#website\"},\"primaryImageOfPage\":{\"@id\":\"https:\\\/\\\/www.kourulle.com\\\/miksi-valita-kourulle-com\\\/#primaryimage\"},\"image\":{\"@id\":\"https:\\\/\\\/www.kourulle.com\\\/miksi-valita-kourulle-com\\\/#primaryimage\"},\"thumbnailUrl\":\"https:\\\/\\\/www.kourulle.com\\\/wp-content\\\/uploads\\\/2026\\\/02\\\/arvostleia-1.png\",\"datePublished\":\"2026-03-02T13:54:10+00:00\",\"dateModified\":\"2026-05-14T10:56:18+00:00\",\"breadcrumb\":{\"@id\":\"https:\\\/\\\/www.kourulle.com\\\/miksi-valita-kourulle-com\\\/#breadcrumb\"},\"inLanguage\":\"en-US\",\"potentialAction\":[{\"@type\":\"ReadAction\",\"target\":[\"https:\\\/\\\/www.kourulle.com\\\/miksi-valita-kourulle-com\\\/\"]}]},{\"@type\":\"ImageObject\",\"inLanguage\":\"en-US\",\"@id\":\"https:\\\/\\\/www.kourulle.com\\\/miksi-valita-kourulle-com\\\/#primaryimage\",\"url\":\"https:\\\/\\\/www.kourulle.com\\\/wp-content\\\/uploads\\\/2026\\\/02\\\/arvostleia-1.png\",\"contentUrl\":\"https:\\\/\\\/www.kourulle.com\\\/wp-content\\\/uploads\\\/2026\\\/02\\\/arvostleia-1.png\"},{\"@type\":\"BreadcrumbList\",\"@id\":\"https:\\\/\\\/www.kourulle.com\\\/miksi-valita-kourulle-com\\\/#breadcrumb\",\"itemListElement\":[{\"@type\":\"ListItem\",\"position\":1,\"name\":\"Etusivu\",\"item\":\"https:\\\/\\\/www.kourulle.com\\\/\"},{\"@type\":\"ListItem\",\"position\":2,\"name\":\"Miksi valita Kourulle.com?\"}]},{\"@type\":\"WebSite\",\"@id\":\"https:\\\/\\\/www.kourulle.com\\\/#website\",\"url\":\"https:\\\/\\\/www.kourulle.com\\\/\",\"name\":\"Kourulle\",\"description\":\"\",\"potentialAction\":[{\"@type\":\"SearchAction\",\"target\":{\"@type\":\"EntryPoint\",\"urlTemplate\":\"https:\\\/\\\/www.kourulle.com\\\/?s={search_term_string}\"},\"query-input\":{\"@type\":\"PropertyValueSpecification\",\"valueRequired\":true,\"valueName\":\"search_term_string\"}}],\"inLanguage\":\"en-US\"}]}<\/script>\n<!-- \/ Yoast SEO plugin. -->","yoast_head_json":{"title":"Miksi valita Kourulle.com? - Kourulle","robots":{"index":"index","follow":"follow","max-snippet":"max-snippet:-1","max-image-preview":"max-image-preview:large","max-video-preview":"max-video-preview:-1"},"canonical":"https:\/\/www.kourulle.com\/en\/miksi-valita-kourulle-com\/","og_locale":"en_US","og_type":"article","og_title":"Miksi valita Kourulle.com? - Kourulle","og_description":"Uusimaa Pirkanmaa Varsinais-Suomi Jyv\u00e4skyl\u00e4 Kanta-H\u00e4me Kokkola Oulu Kouvola Miksi valita Kourulle.com? Toimimme p\u00e4\u00e4asiassa Uudellamaalla, Pirkanmaalla, Varsinais-Suomessa, Kanta-H\u00e4meess\u00e4 sek\u00e4 Oulun, Porin, [&hellip;]","og_url":"https:\/\/www.kourulle.com\/en\/miksi-valita-kourulle-com\/","og_site_name":"Kourulle","article_modified_time":"2026-05-14T10:56:18+00:00","og_image":[{"url":"https:\/\/www.kourulle.com\/wp-content\/uploads\/2026\/02\/arvostleia-1.png","type":"","width":"","height":""}],"twitter_card":"summary_large_image","twitter_misc":{"Est. reading time":"2 minutes"},"schema":{"@context":"https:\/\/schema.org","@graph":[{"@type":"WebPage","@id":"https:\/\/www.kourulle.com\/miksi-valita-kourulle-com\/","url":"https:\/\/www.kourulle.com\/miksi-valita-kourulle-com\/","name":"Miksi valita Kourulle.com? - Kourulle","isPartOf":{"@id":"https:\/\/www.kourulle.com\/#website"},"primaryImageOfPage":{"@id":"https:\/\/www.kourulle.com\/miksi-valita-kourulle-com\/#primaryimage"},"image":{"@id":"https:\/\/www.kourulle.com\/miksi-valita-kourulle-com\/#primaryimage"},"thumbnailUrl":"https:\/\/www.kourulle.com\/wp-content\/uploads\/2026\/02\/arvostleia-1.png","datePublished":"2026-03-02T13:54:10+00:00","dateModified":"2026-05-14T10:56:18+00:00","breadcrumb":{"@id":"https:\/\/www.kourulle.com\/miksi-valita-kourulle-com\/#breadcrumb"},"inLanguage":"en-US","potentialAction":[{"@type":"ReadAction","target":["https:\/\/www.kourulle.com\/miksi-valita-kourulle-com\/"]}]},{"@type":"ImageObject","inLanguage":"en-US","@id":"https:\/\/www.kourulle.com\/miksi-valita-kourulle-com\/#primaryimage","url":"https:\/\/www.kourulle.com\/wp-content\/uploads\/2026\/02\/arvostleia-1.png","contentUrl":"https:\/\/www.kourulle.com\/wp-content\/uploads\/2026\/02\/arvostleia-1.png"},{"@type":"BreadcrumbList","@id":"https:\/\/www.kourulle.com\/miksi-valita-kourulle-com\/#breadcrumb","itemListElement":[{"@type":"ListItem","position":1,"name":"Etusivu","item":"https:\/\/www.kourulle.com\/"},{"@type":"ListItem","position":2,"name":"Miksi valita Kourulle.com?"}]},{"@type":"WebSite","@id":"https:\/\/www.kourulle.com\/#website","url":"https:\/\/www.kourulle.com\/","name":"To the bench","description":"","potentialAction":[{"@type":"SearchAction","target":{"@type":"EntryPoint","urlTemplate":"https:\/\/www.kourulle.com\/?s={search_term_string}"},"query-input":{"@type":"PropertyValueSpecification","valueRequired":true,"valueName":"search_term_string"}}],"inLanguage":"en-US"}]}},"_links":{"self":[{"href":"https:\/\/www.kourulle.com\/en\/wp-json\/wp\/v2\/pages\/1562","targetHints":{"allow":["GET"]}}],"collection":[{"href":"https:\/\/www.kourulle.com\/en\/wp-json\/wp\/v2\/pages"}],"about":[{"href":"https:\/\/www.kourulle.com\/en\/wp-json\/wp\/v2\/types\/page"}],"author":[{"embeddable":true,"href":"https:\/\/www.kourulle.com\/en\/wp-json\/wp\/v2\/users\/1"}],"replies":[{"embeddable":true,"href":"https:\/\/www.kourulle.com\/en\/wp-json\/wp\/v2\/comments?post=1562"}],"version-history":[{"count":28,"href":"https:\/\/www.kourulle.com\/en\/wp-json\/wp\/v2\/pages\/1562\/revisions"}],"predecessor-version":[{"id":2852,"href":"https:\/\/www.kourulle.com\/en\/wp-json\/wp\/v2\/pages\/1562\/revisions\/2852"}],"wp:attachment":[{"href":"https:\/\/www.kourulle.com\/en\/wp-json\/wp\/v2\/media?parent=1562"}],"curies":[{"name":"wp","href":"https:\/\/api.w.org\/{rel}","templated":true}]}}